{"id":3457,"date":"2020-06-12T17:17:00","date_gmt":"2020-06-12T15:17:00","guid":{"rendered":"https:\/\/www.lodenicaKVS.sk\/?page_id=3457"},"modified":"2026-03-25T07:09:04","modified_gmt":"2026-03-25T06:09:04","slug":"vodacky-kruzok-pre-deti-a-mladez","status":"publish","type":"page","link":"https:\/\/www.lodenicaKVS.sk\/?page_id=3457","title":{"rendered":"Vod\u00e1cky kr\u00fa\u017eok pre deti"},"content":{"rendered":"\n<p class=\"wp-block-paragraph\">Cie\u013eom kr\u00fa\u017eku je pohybov\u00fd rozvoj det\u00ed a ml\u00e1de\u017ee formou vodnej turistiky, hier a pl\u00e1vania. Sk\u00fasen\u00ed in\u0161truktori nau\u010dia \u00fa\u010dastn\u00edkov z\u00e1klady ovl\u00e1dania kanoe aj kajaku, bezpe\u010dn\u00fd pohyb na vode a z\u00e1klady praktickej environment\u00e1lnej v\u00fdchovy. Nacvi\u010dia si aj z\u00e1klady z\u00e1chrany prevr\u00e1tenej lode a&nbsp;jej pos\u00e1dky. Doln\u00fa vekov\u00fa hranicu ur\u010duje priemern\u00e1 schopnos\u0165 manipulova\u0165 s lo\u010fou, na \u010do treba ur\u010dit\u00fa mieru sily a koordin\u00e1cie, ktor\u00fa deti mlad\u0161ie ako 10 rokov v\u00e4\u010d\u0161inou nemaj\u00fa. Kapacita kr\u00fa\u017eku je 15 det\u00ed.<\/p>\n\n\n\n<p class=\"wp-block-paragraph\">Deti sa tie\u017e z\u00fa\u010dast\u0148uj\u00fa splavov organizovan\u00fdch Klubom vodn\u00fdch \u0161portov Karlova Ves a vod\u00e1ckych orienta\u010dn\u00fdch pretekov v ramen\u00e1ch Dunaja. Pod\u013ea z\u00e1ujmu m\u00f4\u017eu pokra\u010dova\u0165 aj vo v\u00fdcviku na divokej vode. Mimo sez\u00f3ny maj\u00fa deti kondi\u010dn\u00fa pr\u00edpravu v telocvi\u010dni a pod veden\u00edm plaveck\u00fdch in\u0161truktorov sa zdokonalia v pl\u00e1van\u00ed.<\/p>\n\n\n\n<p class=\"wp-block-paragraph\">\u00da\u010dastn\u00edci musia ovl\u00e1da\u0165 z\u00e1klady pl\u00e1vania.<\/p>\n\n\n\n<p class=\"wp-block-paragraph\"><\/p>\n\n\n\n<h3 class=\"wp-block-heading\"><strong>Vod\u00e1cky v\u00fdcvik<\/strong><\/h3>\n\n\n\n<ul class=\"wp-block-list\">\n<li>Detsk\u00fd vod\u00e1cky kr\u00fa\u017eok b\u00fdva 2 kr\u00e1t do t\u00fd\u017ed\u0148a v utorok a vo \u0161tvrtok od 16:00 do 18:00.<\/li>\n\n\n\n<li>Tr\u00e9ningy na vode s\u00fa v dvoch turnusoch: jarn\u00fd turnus (apr\u00edl, m\u00e1j, j\u00fan) a jesenn\u00fd turnus (september, okt\u00f3ber).<\/li>\n\n\n\n<li>Cena jedn\u00e9ho turnusu je 80 \u20ac + 40 \u20ac ro\u010dn\u00fd \u010dlensk\u00fd poplatok v KV\u0160.<\/li>\n\n\n\n<li>Po\u017eiadavky na \u00fa\u010dastn\u00edkov: vek aspo\u0148 10 rokov, plavec, z\u00e1kladn\u00e1 samostatnos\u0165.<\/li>\n\n\n\n<li>V zimnej sez\u00f3ne prebiehaj\u00fa kondi\u010dn\u00e9 a&nbsp;plaveck\u00e9 tr\u00e9ningy v plav\u00e1rni a&nbsp;v telocvi\u010dni.<\/li>\n<\/ul>\n\n\n\n<p class=\"wp-block-paragraph\">Pre viac inform\u00e1cii n\u00e1s kontaktujte na:\u00a0vodacky.kruzok@lodenicakvs.sk .<\/p>\n\n\n\n<figure class=\"wp-block-gallery has-nested-images columns-default is-cropped wp-block-gallery-1 is-layout-flex wp-block-gallery-is-layout-flex\">\n<figure class=\"wp-block-image size-large\"><a href=\"https:\/\/www.lodenicaKVS.sk\/wp-content\/uploads\/2023\/05\/kruzok-1-scaled.jpg\"><img fetchpriority=\"high\" decoding=\"async\" width=\"1024\" height=\"640\" data-id=\"4316\" src=\"https:\/\/www.lodenicaKVS.sk\/wp-content\/uploads\/2023\/05\/kruzok-1-1024x640.jpg\" alt=\"\" class=\"wp-image-4316\" srcset=\"https:\/\/www.lodenicaKVS.sk\/wp-content\/uploads\/2023\/05\/kruzok-1-1024x640.jpg 1024w, https:\/\/www.lodenicaKVS.sk\/wp-content\/uploads\/2023\/05\/kruzok-1-300x187.jpg 300w, https:\/\/www.lodenicaKVS.sk\/wp-content\/uploads\/2023\/05\/kruzok-1-768x480.jpg 768w, https:\/\/www.lodenicaKVS.sk\/wp-content\/uploads\/2023\/05\/kruzok-1-1536x960.jpg 1536w, https:\/\/www.lodenicaKVS.sk\/wp-content\/uploads\/2023\/05\/kruzok-1-2048x1279.jpg 2048w\" sizes=\"(max-width: 1024px) 100vw, 1024px\" \/><\/a><\/figure>\n\n\n\n<figure class=\"wp-block-image size-large\"><a href=\"https:\/\/www.lodenicaKVS.sk\/wp-content\/uploads\/2023\/05\/kruzok-2-scaled.jpg\"><img decoding=\"async\" width=\"1024\" height=\"641\" data-id=\"4317\" src=\"https:\/\/www.lodenicaKVS.sk\/wp-content\/uploads\/2023\/05\/kruzok-2-1024x641.jpg\" alt=\"\" class=\"wp-image-4317\" srcset=\"https:\/\/www.lodenicaKVS.sk\/wp-content\/uploads\/2023\/05\/kruzok-2-1024x641.jpg 1024w, https:\/\/www.lodenicaKVS.sk\/wp-content\/uploads\/2023\/05\/kruzok-2-300x188.jpg 300w, https:\/\/www.lodenicaKVS.sk\/wp-content\/uploads\/2023\/05\/kruzok-2-768x481.jpg 768w, https:\/\/www.lodenicaKVS.sk\/wp-content\/uploads\/2023\/05\/kruzok-2-1536x961.jpg 1536w, https:\/\/www.lodenicaKVS.sk\/wp-content\/uploads\/2023\/05\/kruzok-2-2048x1282.jpg 2048w\" sizes=\"(max-width: 1024px) 100vw, 1024px\" \/><\/a><\/figure>\n\n\n\n<figure class=\"wp-block-image size-large\"><a href=\"https:\/\/www.lodenicaKVS.sk\/wp-content\/uploads\/2023\/05\/kruzok-3-scaled.jpg\"><img decoding=\"async\" width=\"1024\" height=\"640\" data-id=\"4319\" src=\"https:\/\/www.lodenicaKVS.sk\/wp-content\/uploads\/2023\/05\/kruzok-3-1024x640.jpg\" alt=\"\" class=\"wp-image-4319\" srcset=\"https:\/\/www.lodenicaKVS.sk\/wp-content\/uploads\/2023\/05\/kruzok-3-1024x640.jpg 1024w, https:\/\/www.lodenicaKVS.sk\/wp-content\/uploads\/2023\/05\/kruzok-3-300x187.jpg 300w, https:\/\/www.lodenicaKVS.sk\/wp-content\/uploads\/2023\/05\/kruzok-3-768x480.jpg 768w, https:\/\/www.lodenicaKVS.sk\/wp-content\/uploads\/2023\/05\/kruzok-3-1536x959.jpg 1536w, https:\/\/www.lodenicaKVS.sk\/wp-content\/uploads\/2023\/05\/kruzok-3-2048x1279.jpg 2048w\" sizes=\"(max-width: 1024px) 100vw, 1024px\" \/><\/a><\/figure>\n\n\n\n<figure class=\"wp-block-image size-large\"><a href=\"https:\/\/www.lodenicaKVS.sk\/wp-content\/uploads\/2023\/05\/kruzok-4-scaled.jpg\"><img loading=\"lazy\" decoding=\"async\" width=\"1024\" height=\"640\" data-id=\"4318\" src=\"https:\/\/www.lodenicaKVS.sk\/wp-content\/uploads\/2023\/05\/kruzok-4-1024x640.jpg\" alt=\"\" class=\"wp-image-4318\" srcset=\"https:\/\/www.lodenicaKVS.sk\/wp-content\/uploads\/2023\/05\/kruzok-4-1024x640.jpg 1024w, https:\/\/www.lodenicaKVS.sk\/wp-content\/uploads\/2023\/05\/kruzok-4-300x187.jpg 300w, https:\/\/www.lodenicaKVS.sk\/wp-content\/uploads\/2023\/05\/kruzok-4-768x480.jpg 768w, https:\/\/www.lodenicaKVS.sk\/wp-content\/uploads\/2023\/05\/kruzok-4-1536x960.jpg 1536w, https:\/\/www.lodenicaKVS.sk\/wp-content\/uploads\/2023\/05\/kruzok-4-2048x1280.jpg 2048w\" sizes=\"(max-width: 1024px) 100vw, 1024px\" \/><\/a><\/figure>\n<\/figure>\n","protected":false},"excerpt":{"rendered":"<p>Cie\u013eom kr\u00fa\u017eku je pohybov\u00fd rozvoj det\u00ed a ml\u00e1de\u017ee formou vodnej turistiky, hier a pl\u00e1vania. Sk\u00fasen\u00ed in\u0161truktori nau\u010dia \u00fa\u010dastn\u00edkov z\u00e1klady ovl\u00e1dania kanoe aj kajaku, bezpe\u010dn\u00fd pohyb na vode a z\u00e1klady praktickej environment\u00e1lnej v\u00fdchovy. Nacvi\u010dia si aj z\u00e1klady z\u00e1chrany prevr\u00e1tenej lode a&nbsp;jej pos\u00e1dky. Doln\u00fa vekov\u00fa hranicu ur\u010duje priemern\u00e1 schopnos\u0165 manipulova\u0165 s lo\u010fou, na \u010do treba ur\u010dit\u00fa mieru&hellip;&nbsp;<a href=\"https:\/\/www.lodenicaKVS.sk\/?page_id=3457\" rel=\"bookmark\">\u010c\u00edta\u0165 viac &raquo;<span class=\"screen-reader-text\">Vod\u00e1cky kr\u00fa\u017eok pre deti<\/span><\/a><\/p>\n","protected":false},"author":1,"featured_media":0,"parent":4358,"menu_order":4,"comment_status":"closed","ping_status":"closed","template":"","meta":{"_crdt_document":"","advgb_blocks_editor_width":"","advgb_blocks_columns_visual_guide":"","neve_meta_sidebar":"full-width","neve_meta_container":"","neve_meta_enable_content_width":"on","neve_meta_content_width":100,"neve_meta_title_alignment":"","neve_meta_author_avatar":"","neve_post_elements_order":"","neve_meta_disable_header":"","neve_meta_disable_footer":"","neve_meta_disable_title":"","footnotes":""},"class_list":["post-3457","page","type-page","status-publish","hentry"],"coauthors":[],"author_meta":{"author_link":"https:\/\/www.lodenicaKVS.sk\/?author=1","display_name":"keysho"},"relative_dates":{"created":"Posted 6 rokov ago","modified":"Updated 1 mesiac ago"},"absolute_dates":{"created":"Posted on 12.06.2020","modified":"Updated on 25.03.2026"},"absolute_dates_time":{"created":"Posted on 12.06.2020 17:17","modified":"Updated on 25.03.2026 07:09"},"featured_img_caption":"","featured_img":false,"series_order":"","_links":{"self":[{"href":"https:\/\/www.lodenicaKVS.sk\/index.php?rest_route=\/wp\/v2\/pages\/3457","targetHints":{"allow":["GET"]}}],"collection":[{"href":"https:\/\/www.lodenicaKVS.sk\/index.php?rest_route=\/wp\/v2\/pages"}],"about":[{"href":"https:\/\/www.lodenicaKVS.sk\/index.php?rest_route=\/wp\/v2\/types\/page"}],"author":[{"embeddable":true,"href":"https:\/\/www.lodenicaKVS.sk\/index.php?rest_route=\/wp\/v2\/users\/1"}],"replies":[{"embeddable":true,"href":"https:\/\/www.lodenicaKVS.sk\/index.php?rest_route=%2Fwp%2Fv2%2Fcomments&post=3457"}],"version-history":[{"count":26,"href":"https:\/\/www.lodenicaKVS.sk\/index.php?rest_route=\/wp\/v2\/pages\/3457\/revisions"}],"predecessor-version":[{"id":4895,"href":"https:\/\/www.lodenicaKVS.sk\/index.php?rest_route=\/wp\/v2\/pages\/3457\/revisions\/4895"}],"up":[{"embeddable":true,"href":"https:\/\/www.lodenicaKVS.sk\/index.php?rest_route=\/wp\/v2\/pages\/4358"}],"wp:attachment":[{"href":"https:\/\/www.lodenicaKVS.sk\/index.php?rest_route=%2Fwp%2Fv2%2Fmedia&parent=3457"}],"curies":[{"name":"wp","href":"https:\/\/api.w.org\/{rel}","templated":true}]}}